{"id":2381,"date":"2022-02-27T18:57:00","date_gmt":"2022-02-27T17:57:00","guid":{"rendered":"https:\/\/www.qda-solutions.com\/en\/?page_id=2381"},"modified":"2022-04-19T18:31:10","modified_gmt":"2022-04-19T16:31:10","slug":"for-lab-manager","status":"publish","type":"page","link":"https:\/\/www.qda-solutions.com\/en\/for-lab-manager\/","title":{"rendered":"For Lab Manager"},"content":{"rendered":"","protected":false},"excerpt":{"rendered":"","protected":false},"author":12,"featured_media":0,"parent":0,"menu_order":0,"comment_status":"closed","ping_status":"closed","template":"","meta":{"footnotes":""},"acf":{"additional_search_terms":"","hc":"black","header_cta_link":"","content":[{"acf_fc_layout":"hero","breadcrumb":false,"headline":"For <br \/>\r\nLab<br \/>\r\nManager","hll":"h1","primary_cta":{"title":"Get a demo","url":"https:\/\/calendly.com\/qda-demo\/english","target":""},"secondary_cta":"","primary_cta_color":"false","primary_link_tracking":"false","secondary_cta_color":"false","secondary_link_tracking":"false","logos":false,"media_type":"image","media_size":"half","background_image":{"ID":1887,"id":1887,"title":"thisisengineering-raeng-mF6gB6hV5OU-unsplash-scaled","filename":"thisisengineering-raeng-mF6gB6hV5OU-unsplash-scaled-1.jpg","filesize":416282,"url":"https:\/\/www.qda-solutions.com\/app\/uploads\/sites\/2\/2021\/11\/thisisengineering-raeng-mF6gB6hV5OU-unsplash-scaled-1.jpg","link":"https:\/\/www.qda-solutions.com\/en\/caq-software-qda-solutions-qualitaetssicherung\/thisisengineering-raeng-mf6gb6hv5ou-unsplash-scaled\/","alt":"","author":"1","description":"","caption":"","name":"thisisengineering-raeng-mf6gb6hv5ou-unsplash-scaled","status":"inherit","uploaded_to":1594,"date":"2021-11-16 15:20:13","modified":"2021-11-17 12:24:07","menu_order":0,"mime_type":"image\/jpeg","type":"image","subtype":"jpeg","icon":"https:\/\/www.qda-solutions.com\/en\/wp-includes\/images\/media\/default.png","width":2560,"height":1708,"sizes":{"thumbnail":"https:\/\/www.qda-solutions.com\/app\/uploads\/sites\/2\/2021\/11\/thisisengineering-raeng-mF6gB6hV5OU-unsplash-scaled-1-150x150.jpg","thumbnail-width":150,"thumbnail-height":150,"medium":"https:\/\/www.qda-solutions.com\/app\/uploads\/sites\/2\/2021\/11\/thisisengineering-raeng-mF6gB6hV5OU-unsplash-scaled-1-300x200.jpg","medium-width":300,"medium-height":200,"medium_large":"https:\/\/www.qda-solutions.com\/app\/uploads\/sites\/2\/2021\/11\/thisisengineering-raeng-mF6gB6hV5OU-unsplash-scaled-1-768x512.jpg","medium_large-width":768,"medium_large-height":512,"large":"https:\/\/www.qda-solutions.com\/app\/uploads\/sites\/2\/2021\/11\/thisisengineering-raeng-mF6gB6hV5OU-unsplash-scaled-1-1024x683.jpg","large-width":1024,"large-height":683,"1536x1536":"https:\/\/www.qda-solutions.com\/app\/uploads\/sites\/2\/2021\/11\/thisisengineering-raeng-mF6gB6hV5OU-unsplash-scaled-1-1536x1025.jpg","1536x1536-width":1536,"1536x1536-height":1025,"2048x2048":"https:\/\/www.qda-solutions.com\/app\/uploads\/sites\/2\/2021\/11\/thisisengineering-raeng-mF6gB6hV5OU-unsplash-scaled-1-2048x1366.jpg","2048x2048-width":2048,"2048x2048-height":1366,"tablet":"https:\/\/www.qda-solutions.com\/app\/uploads\/sites\/2\/2021\/11\/thisisengineering-raeng-mF6gB6hV5OU-unsplash-scaled-1-768x512.jpg","tablet-width":768,"tablet-height":512,"desktop":"https:\/\/www.qda-solutions.com\/app\/uploads\/sites\/2\/2021\/11\/thisisengineering-raeng-mF6gB6hV5OU-unsplash-scaled-1-1280x854.jpg","desktop-width":1280,"desktop-height":854,"xl":"https:\/\/www.qda-solutions.com\/app\/uploads\/sites\/2\/2021\/11\/thisisengineering-raeng-mF6gB6hV5OU-unsplash-scaled-1-1536x1025.jpg","xl-width":1536,"xl-height":1025,"xxl":"https:\/\/www.qda-solutions.com\/app\/uploads\/sites\/2\/2021\/11\/thisisengineering-raeng-mF6gB6hV5OU-unsplash-scaled-1.jpg","xxl-width":2560,"xxl-height":1708}},"vimeo_id":"","desktop_video_file":false,"mobile_video_file":false,"background_scrim":0,"fullscreen":false,"color_scheme":"cs--black-white","id":"","display":""},{"acf_fc_layout":"wysiwyg","wysiwyg":"<h2>Your challenges as a laboratory manager<\/h2>\n<p>Let&#8217;s face it \u2013 the demands on your laboratory work are constantly growing. Increasing amounts of data, strict regulations and careful sample storage are increasingly challenging you and your staff. The processes and requirements for you as a laboratory manager are becoming more complex, the degree of difficulty in complying with guidelines and standards is increasing, as is the amount of instrument data that is being generated.<\/p>\n<p>At the same time, your company demands that you increase the performance of the lab and turn your lab into a profit center.<\/p>\n<p>On an ongoing basis, you need to initiate optimization measures. Above all, shortening the lab turnaround time is considered one of the major challenges. In addition to in-depth reporting and ever more comprehensive reports, the pressure to avoid errors, for example, is growing. This primarily concerns your certificates and test reports.<\/p>\n<p>There is also an increasing need for higher data availability and integration in the laboratory. For example \u2013 everyone in the team and the departments involved would like to be able to access all relevant data sets from anywhere, and they would like less work through automated processes. The goals frequently mentioned by our customers here probably also coincide with yours: the reduction of administrative activities. The increase in efficiency \u2013 especially in resource planning, as well as the avoidance of bottleneck effects, mainly in the release process.<\/p>\n<p>Many Lab Managers we know had previously used different software tools as isolated applications (e.g., Office applications, e.g., Excel &amp; Access). They were used as test and measurement equipment, which were not directly compatible with each other, and they transferred and exchanged the data manually. This increased the risk of errors during input and transfer and cost valuable time.<\/p>\n<p>At the same time, test data and reports must be prepared and forwarded to the various team in the company increasing pressure to be punctual, error-free and meaningful, while at the same time, meeting shorter deadlines requirements.<\/p>\n<p>Moreover, you need to drive the change-management-process and modernization of the lab. In short, the solution to your increasing challenges in the laboratory could be a modern and highly integrated software platform that is networked with your entire quality management and all stakeholders in your company.<\/p>\n<p>This is where we come in \u2013 providing you with the solutions to better manage your challenges.<\/p>\n","color_scheme":"cs--white-black","p-t":"m","p-b":"m","display":"","id":""},{"acf_fc_layout":"text_media","topline":"","headline":"Why <br \/>\r\nmany customers choose the <br \/>\r\nQDA laboratory information<br \/>\r\nmanagement software <br \/>\r\n(LIMS)","hll":"h2","text":"<ul>\n<li>Trusted references: Laboratory managers in global companies with plants across various countries have trusted QDA software for decades<\/li>\n<li>Increases efficiency and simplifies the collection of laboratory data<\/li>\n<li>Optimizes the order management of your quality control laboratory<\/li>\n<li>Speeds up your processes: You only need 1\/4 of the time you used to spend on creating new test plans and creating orders with LIMS order management, creating certificates or lab reports<\/li>\n<li>More transparency<\/li>\n<\/ul>\n","cta":{"title":"Discover more","url":"https:\/\/www.qda-solutions.com\/en\/solutions\/lims-software-laboratory-information-management-system\/","target":""},"cta_second":"","media_foreground":"image","media_foreground_hide_description":"false","foreground_image":false,"foreground_vimeo":{"vimeo_id":"","desktop_video_file":false,"mobile_video_file":false,"autoplay":false},"media_background":"image","background_image":false,"background_video":{"vimeo_id":"","desktop_video_file":false,"mobile_video_file":false,"autoplay":false},"background_scrim":0,"orientation":"text-left","color_scheme":"cs--yellow-black","p-t":"s","p-b":"s","display":"","id":""},{"acf_fc_layout":"article_teaser","topline":"","headline":"Many integration<br \/>\r\noptions","hll":"h2","articles":[{"article":1315}],"cta":"","p-t":"s","p-b":"s","display":"","id":""},{"acf_fc_layout":"text_media","topline":"","headline":"You can also benefit from the functions of QDA gauge and tool management","hll":"h3","text":"<p>QDA gauge and tool management software improves cost control, traceability of measurements, tools and processes.<\/p>\n<p>&nbsp;<\/p>\n","cta":{"title":"Discover more","url":"https:\/\/www.qda-solutions.com\/en\/solutions\/calibration-management-software-gage-tool-management\/","target":""},"cta_second":{"title":"Read the LIMS article","url":"https:\/\/www.qda-solutions.com\/en\/further-industries\/","target":""},"media_foreground":"image","media_foreground_hide_description":"false","foreground_image":{"ID":2390,"id":2390,"title":"Bild6","filename":"Bild6.jpg","filesize":248629,"url":"https:\/\/www.qda-solutions.com\/app\/uploads\/sites\/2\/2022\/03\/Bild6.jpg","link":"https:\/\/www.qda-solutions.com\/en\/for-qc-managers\/bild6\/","alt":"","author":"12","description":"","caption":"","name":"bild6","status":"inherit","uploaded_to":2378,"date":"2022-03-01 18:18:57","modified":"2022-03-01 18:18:57","menu_order":0,"mime_type":"image\/jpeg","type":"image","subtype":"jpeg","icon":"https:\/\/www.qda-solutions.com\/en\/wp-includes\/images\/media\/default.png","width":1869,"height":1246,"sizes":{"thumbnail":"https:\/\/www.qda-solutions.com\/app\/uploads\/sites\/2\/2022\/03\/Bild6-150x150.jpg","thumbnail-width":150,"thumbnail-height":150,"medium":"https:\/\/www.qda-solutions.com\/app\/uploads\/sites\/2\/2022\/03\/Bild6-300x200.jpg","medium-width":300,"medium-height":200,"medium_large":"https:\/\/www.qda-solutions.com\/app\/uploads\/sites\/2\/2022\/03\/Bild6-768x512.jpg","medium_large-width":768,"medium_large-height":512,"large":"https:\/\/www.qda-solutions.com\/app\/uploads\/sites\/2\/2022\/03\/Bild6-1024x683.jpg","large-width":1024,"large-height":683,"1536x1536":"https:\/\/www.qda-solutions.com\/app\/uploads\/sites\/2\/2022\/03\/Bild6-1536x1024.jpg","1536x1536-width":1536,"1536x1536-height":1024,"2048x2048":"https:\/\/www.qda-solutions.com\/app\/uploads\/sites\/2\/2022\/03\/Bild6.jpg","2048x2048-width":1869,"2048x2048-height":1246,"tablet":"https:\/\/www.qda-solutions.com\/app\/uploads\/sites\/2\/2022\/03\/Bild6-768x512.jpg","tablet-width":768,"tablet-height":512,"desktop":"https:\/\/www.qda-solutions.com\/app\/uploads\/sites\/2\/2022\/03\/Bild6-1280x853.jpg","desktop-width":1280,"desktop-height":853,"xl":"https:\/\/www.qda-solutions.com\/app\/uploads\/sites\/2\/2022\/03\/Bild6-1536x1024.jpg","xl-width":1536,"xl-height":1024,"xxl":"https:\/\/www.qda-solutions.com\/app\/uploads\/sites\/2\/2022\/03\/Bild6.jpg","xxl-width":1869,"xxl-height":1246}},"foreground_vimeo":{"vimeo_id":"","desktop_video_file":false,"mobile_video_file":false,"autoplay":false},"media_background":"image","background_image":false,"background_video":{"vimeo_id":"","desktop_video_file":false,"mobile_video_file":false,"autoplay":false},"background_scrim":0,"orientation":"text-left","color_scheme":"cs--white-black","p-t":"s","p-b":"s","display":"","id":""},{"acf_fc_layout":"text_media","topline":"","headline":"Electronic signature for laboratories","hll":"h3","text":"<p>Die elektronische Signatur erm\u00f6glicht die elektronische Freigabe von Vorg\u00e4ngen f\u00fcr Pr\u00fcfpl\u00e4ne und Verwendungsentscheidungen. Der Ersteller der Signatur wird identifiziert und die Integrit\u00e4t der elektronisch signierten Informationen werden wird nachgewiesen, was eine handschriftliche Unterschrift auf einem Papierdokument ersetzt. Die elektronische QDA-Signatur unterst\u00fctzt die Systemkonformit\u00e4t mit FDA 21 CFR Part 11.<\/p>\n<p>&nbsp;<\/p>\n","cta":{"title":"Mehr erfahren","url":"https:\/\/www.qda-solutions.com\/kontakt\/","target":""},"cta_second":"","media_foreground":"image","media_foreground_hide_description":"false","foreground_image":{"ID":2443,"id":2443,"title":"pexels-tima-miroshnichenko-9574571","filename":"pexels-tima-miroshnichenko-9574571-scaled.jpg","filesize":283487,"url":"https:\/\/www.qda-solutions.com\/app\/uploads\/sites\/2\/2022\/03\/pexels-tima-miroshnichenko-9574571-scaled.jpg","link":"https:\/\/www.qda-solutions.com\/en\/for-qc-managers\/pexels-tima-miroshnichenko-9574571\/","alt":"","author":"12","description":"","caption":"","name":"pexels-tima-miroshnichenko-9574571","status":"inherit","uploaded_to":2378,"date":"2022-03-01 18:28:39","modified":"2022-03-01 18:28:39","menu_order":0,"mime_type":"image\/jpeg","type":"image","subtype":"jpeg","icon":"https:\/\/www.qda-solutions.com\/en\/wp-includes\/images\/media\/default.png","width":1707,"height":2560,"sizes":{"thumbnail":"https:\/\/www.qda-solutions.com\/app\/uploads\/sites\/2\/2022\/03\/pexels-tima-miroshnichenko-9574571-150x150.jpg","thumbnail-width":150,"thumbnail-height":150,"medium":"https:\/\/www.qda-solutions.com\/app\/uploads\/sites\/2\/2022\/03\/pexels-tima-miroshnichenko-9574571-200x300.jpg","medium-width":200,"medium-height":300,"medium_large":"https:\/\/www.qda-solutions.com\/app\/uploads\/sites\/2\/2022\/03\/pexels-tima-miroshnichenko-9574571-768x1152.jpg","medium_large-width":768,"medium_large-height":1152,"large":"https:\/\/www.qda-solutions.com\/app\/uploads\/sites\/2\/2022\/03\/pexels-tima-miroshnichenko-9574571-683x1024.jpg","large-width":683,"large-height":1024,"1536x1536":"https:\/\/www.qda-solutions.com\/app\/uploads\/sites\/2\/2022\/03\/pexels-tima-miroshnichenko-9574571-1024x1536.jpg","1536x1536-width":1024,"1536x1536-height":1536,"2048x2048":"https:\/\/www.qda-solutions.com\/app\/uploads\/sites\/2\/2022\/03\/pexels-tima-miroshnichenko-9574571-1365x2048.jpg","2048x2048-width":1365,"2048x2048-height":2048,"tablet":"https:\/\/www.qda-solutions.com\/app\/uploads\/sites\/2\/2022\/03\/pexels-tima-miroshnichenko-9574571-768x1152.jpg","tablet-width":768,"tablet-height":1152,"desktop":"https:\/\/www.qda-solutions.com\/app\/uploads\/sites\/2\/2022\/03\/pexels-tima-miroshnichenko-9574571-1280x1920.jpg","desktop-width":1280,"desktop-height":1920,"xl":"https:\/\/www.qda-solutions.com\/app\/uploads\/sites\/2\/2022\/03\/pexels-tima-miroshnichenko-9574571-1536x2304.jpg","xl-width":1536,"xl-height":2304,"xxl":"https:\/\/www.qda-solutions.com\/app\/uploads\/sites\/2\/2022\/03\/pexels-tima-miroshnichenko-9574571-2560x3840.jpg","xxl-width":2560,"xxl-height":3840}},"foreground_vimeo":{"vimeo_id":"","desktop_video_file":false,"mobile_video_file":false,"autoplay":false},"media_background":"image","background_image":false,"background_video":{"vimeo_id":"","desktop_video_file":false,"mobile_video_file":false,"autoplay":false},"background_scrim":0,"orientation":"text-left","color_scheme":"cs--white-black","p-t":"m","p-b":"m","display":"","id":""},{"acf_fc_layout":"text_media","topline":"","headline":"Learn more about industries in which help our customers be successful ","hll":"h2","text":"<ul class=\"menu__sub is-visible\">\n<li class=\"menu__sub__item\"><a class=\"external-link\" href=\"https:\/\/www.qda-solutions.com\/en\/automotive-industry\/\" rel=\"nofollow\">Automotive<\/a><\/li>\n<li class=\"menu__sub__item\"><a class=\"external-link\" href=\"https:\/\/www.qda-solutions.com\/en\/food-beverage\/\" rel=\"nofollow\">Food &amp; Beverage<\/a><\/li>\n<li class=\"menu__sub__item\"><a class=\"external-link\" href=\"https:\/\/www.qda-solutions.com\/en\/packaging-industry\/\" rel=\"nofollow\">Packaging<\/a><\/li>\n<li class=\"menu__sub__item\"><a class=\"external-link\" href=\"https:\/\/www.qda-solutions.com\/industrial-manufacturing\/\" rel=\"nofollow\">Industrial Manufacturing<\/a><\/li>\n<li class=\"menu__sub__item\"><a class=\"external-link\" href=\"https:\/\/www.qda-solutions.com\/en\/renewable-energy\/\" rel=\"nofollow\">Renewable\u00a0 Energy<\/a><\/li>\n<li class=\"menu__sub__item\"><a class=\"external-link\" href=\"https:\/\/www.qda-solutions.com\/en\/aerospace-industry\/\" rel=\"nofollow\">Aerospace<\/a><\/li>\n<li class=\"menu__sub__item\"><a class=\"external-link\" href=\"https:\/\/www.qda-solutions.com\/en\/further-industries\/\" rel=\"nofollow\">Other industries<\/a><\/li>\n<\/ul>\n","cta":"","cta_second":"","media_foreground":"image","media_foreground_hide_description":"false","foreground_image":{"ID":2042,"id":2042,"title":"qda_wheel_new_logo_FINAL_balanced option_EN","filename":"qda_wheel_new_logo_FINAL_balanced-option_EN.png","filesize":791425,"url":"https:\/\/www.qda-solutions.com\/app\/uploads\/sites\/2\/2021\/11\/qda_wheel_new_logo_FINAL_balanced-option_EN.png","link":"https:\/\/www.qda-solutions.com\/en\/caq-software-qda-solutions-qualitaetssicherung\/qda_wheel_new_logo_final_balanced-option_en\/","alt":"wheel with all QDA modules and tools","author":"1","description":"","caption":"","name":"qda_wheel_new_logo_final_balanced-option_en","status":"inherit","uploaded_to":1594,"date":"2021-11-17 12:18:49","modified":"2022-07-18 08:05:28","menu_order":0,"mime_type":"image\/png","type":"image","subtype":"png","icon":"https:\/\/www.qda-solutions.com\/en\/wp-includes\/images\/media\/default.png","width":1876,"height":1875,"sizes":{"thumbnail":"https:\/\/www.qda-solutions.com\/app\/uploads\/sites\/2\/2021\/11\/qda_wheel_new_logo_FINAL_balanced-option_EN-150x150.png","thumbnail-width":150,"thumbnail-height":150,"medium":"https:\/\/www.qda-solutions.com\/app\/uploads\/sites\/2\/2021\/11\/qda_wheel_new_logo_FINAL_balanced-option_EN-300x300.png","medium-width":300,"medium-height":300,"medium_large":"https:\/\/www.qda-solutions.com\/app\/uploads\/sites\/2\/2021\/11\/qda_wheel_new_logo_FINAL_balanced-option_EN-768x768.png","medium_large-width":768,"medium_large-height":768,"large":"https:\/\/www.qda-solutions.com\/app\/uploads\/sites\/2\/2021\/11\/qda_wheel_new_logo_FINAL_balanced-option_EN-1024x1024.png","large-width":1024,"large-height":1024,"1536x1536":"https:\/\/www.qda-solutions.com\/app\/uploads\/sites\/2\/2021\/11\/qda_wheel_new_logo_FINAL_balanced-option_EN-1536x1536.png","1536x1536-width":1536,"1536x1536-height":1536,"2048x2048":"https:\/\/www.qda-solutions.com\/app\/uploads\/sites\/2\/2021\/11\/qda_wheel_new_logo_FINAL_balanced-option_EN.png","2048x2048-width":1876,"2048x2048-height":1875,"tablet":"https:\/\/www.qda-solutions.com\/app\/uploads\/sites\/2\/2021\/11\/qda_wheel_new_logo_FINAL_balanced-option_EN-768x768.png","tablet-width":768,"tablet-height":768,"desktop":"https:\/\/www.qda-solutions.com\/app\/uploads\/sites\/2\/2021\/11\/qda_wheel_new_logo_FINAL_balanced-option_EN-1280x1279.png","desktop-width":1280,"desktop-height":1279,"xl":"https:\/\/www.qda-solutions.com\/app\/uploads\/sites\/2\/2021\/11\/qda_wheel_new_logo_FINAL_balanced-option_EN-1536x1535.png","xl-width":1536,"xl-height":1535,"xxl":"https:\/\/www.qda-solutions.com\/app\/uploads\/sites\/2\/2021\/11\/qda_wheel_new_logo_FINAL_balanced-option_EN.png","xxl-width":1876,"xxl-height":1875}},"foreground_vimeo":{"vimeo_id":"","desktop_video_file":false,"mobile_video_file":false,"autoplay":false},"media_background":"image","background_image":false,"background_video":{"vimeo_id":"","desktop_video_file":false,"mobile_video_file":false,"autoplay":false},"background_scrim":0,"orientation":"text-left","color_scheme":"cs--white-black","p-t":"s","p-b":"s","display":"","id":""}]},"yoast_head":"<!-- This site is optimized with the Yoast SEO plugin v21.3 - https:\/\/yoast.com\/wordpress\/plugins\/seo\/ -->\n<title>For Lab Manager - QDA SOLUTIONS<\/title>\n<meta name=\"description\" content=\"What are the challenges for laboratory managers and how can modern LIMS software help? Read more on this page.\" \/>\n<meta name=\"robots\" content=\"index, follow, max-snippet:-1, max-image-preview:large, max-video-preview:-1\" \/>\n<link rel=\"canonical\" href=\"https:\/\/www.qda-solutions.com\/en\/for-lab-manager\/\" \/>\n<meta property=\"og:locale\" content=\"en_US\" \/>\n<meta property=\"og:type\" content=\"article\" \/>\n<meta property=\"og:title\" content=\"For Lab Manager - QDA SOLUTIONS\" \/>\n<meta property=\"og:description\" content=\"What are the challenges for laboratory managers and how can modern LIMS software help? Read more on this page.\" \/>\n<meta property=\"og:url\" content=\"https:\/\/www.qda-solutions.com\/en\/for-lab-manager\/\" \/>\n<meta property=\"og:site_name\" content=\"QDA SOLUTIONS\" \/>\n<meta property=\"article:modified_time\" content=\"2022-04-19T16:31:10+00:00\" \/>\n<meta name=\"twitter:card\" content=\"summary_large_image\" \/>\n<script type=\"application\/ld+json\" class=\"yoast-schema-graph\">{\"@context\":\"https:\/\/schema.org\",\"@graph\":[{\"@type\":\"WebPage\",\"@id\":\"https:\/\/www.qda-solutions.com\/en\/for-lab-manager\/\",\"url\":\"https:\/\/www.qda-solutions.com\/en\/for-lab-manager\/\",\"name\":\"For Lab Manager - QDA SOLUTIONS\",\"isPartOf\":{\"@id\":\"https:\/\/www.qda-solutions.com\/en\/#website\"},\"datePublished\":\"2022-02-27T17:57:00+00:00\",\"dateModified\":\"2022-04-19T16:31:10+00:00\",\"description\":\"What are the challenges for laboratory managers and how can modern LIMS software help? Read more on this page.\",\"inLanguage\":\"en-US\",\"potentialAction\":[{\"@type\":\"ReadAction\",\"target\":[\"https:\/\/www.qda-solutions.com\/en\/for-lab-manager\/\"]}]},{\"@type\":\"WebSite\",\"@id\":\"https:\/\/www.qda-solutions.com\/en\/#website\",\"url\":\"https:\/\/www.qda-solutions.com\/en\/\",\"name\":\"QDA SOLUTIONS\",\"description\":\"\",\"publisher\":{\"@id\":\"https:\/\/www.qda-solutions.com\/en\/#organization\"},\"potentialAction\":[{\"@type\":\"SearchAction\",\"target\":{\"@type\":\"EntryPoint\",\"urlTemplate\":\"https:\/\/www.qda-solutions.com\/en\/?s={search_term_string}\"},\"query-input\":\"required name=search_term_string\"}],\"inLanguage\":\"en-US\"},{\"@type\":\"Organization\",\"@id\":\"https:\/\/www.qda-solutions.com\/en\/#organization\",\"name\":\"QDA SOLUTIONS\",\"url\":\"https:\/\/www.qda-solutions.com\/en\/\",\"logo\":{\"@type\":\"ImageObject\",\"inLanguage\":\"en-US\",\"@id\":\"https:\/\/www.qda-solutions.com\/en\/#\/schema\/logo\/image\/\",\"url\":\"https:\/\/www.qda-solutions.com\/app\/uploads\/sites\/2\/2022\/12\/qda_blue.svg\",\"contentUrl\":\"https:\/\/www.qda-solutions.com\/app\/uploads\/sites\/2\/2022\/12\/qda_blue.svg\",\"width\":403,\"height\":144,\"caption\":\"QDA SOLUTIONS\"},\"image\":{\"@id\":\"https:\/\/www.qda-solutions.com\/en\/#\/schema\/logo\/image\/\"}}]}<\/script>\n<!-- \/ Yoast SEO plugin. -->","yoast_head_json":{"title":"For Lab Manager - QDA SOLUTIONS","description":"What are the challenges for laboratory managers and how can modern LIMS software help? Read more on this page.","robots":{"index":"index","follow":"follow","max-snippet":"max-snippet:-1","max-image-preview":"max-image-preview:large","max-video-preview":"max-video-preview:-1"},"canonical":"https:\/\/www.qda-solutions.com\/en\/for-lab-manager\/","og_locale":"en_US","og_type":"article","og_title":"For Lab Manager - QDA SOLUTIONS","og_description":"What are the challenges for laboratory managers and how can modern LIMS software help? Read more on this page.","og_url":"https:\/\/www.qda-solutions.com\/en\/for-lab-manager\/","og_site_name":"QDA SOLUTIONS","article_modified_time":"2022-04-19T16:31:10+00:00","twitter_card":"summary_large_image","schema":{"@context":"https:\/\/schema.org","@graph":[{"@type":"WebPage","@id":"https:\/\/www.qda-solutions.com\/en\/for-lab-manager\/","url":"https:\/\/www.qda-solutions.com\/en\/for-lab-manager\/","name":"For Lab Manager - QDA SOLUTIONS","isPartOf":{"@id":"https:\/\/www.qda-solutions.com\/en\/#website"},"datePublished":"2022-02-27T17:57:00+00:00","dateModified":"2022-04-19T16:31:10+00:00","description":"What are the challenges for laboratory managers and how can modern LIMS software help? Read more on this page.","inLanguage":"en-US","potentialAction":[{"@type":"ReadAction","target":["https:\/\/www.qda-solutions.com\/en\/for-lab-manager\/"]}]},{"@type":"WebSite","@id":"https:\/\/www.qda-solutions.com\/en\/#website","url":"https:\/\/www.qda-solutions.com\/en\/","name":"QDA SOLUTIONS","description":"","publisher":{"@id":"https:\/\/www.qda-solutions.com\/en\/#organization"},"potentialAction":[{"@type":"SearchAction","target":{"@type":"EntryPoint","urlTemplate":"https:\/\/www.qda-solutions.com\/en\/?s={search_term_string}"},"query-input":"required name=search_term_string"}],"inLanguage":"en-US"},{"@type":"Organization","@id":"https:\/\/www.qda-solutions.com\/en\/#organization","name":"QDA SOLUTIONS","url":"https:\/\/www.qda-solutions.com\/en\/","logo":{"@type":"ImageObject","inLanguage":"en-US","@id":"https:\/\/www.qda-solutions.com\/en\/#\/schema\/logo\/image\/","url":"https:\/\/www.qda-solutions.com\/app\/uploads\/sites\/2\/2022\/12\/qda_blue.svg","contentUrl":"https:\/\/www.qda-solutions.com\/app\/uploads\/sites\/2\/2022\/12\/qda_blue.svg","width":403,"height":144,"caption":"QDA SOLUTIONS"},"image":{"@id":"https:\/\/www.qda-solutions.com\/en\/#\/schema\/logo\/image\/"}}]}},"_links":{"self":[{"href":"https:\/\/www.qda-solutions.com\/en\/wp-json\/wp\/v2\/pages\/2381"}],"collection":[{"href":"https:\/\/www.qda-solutions.com\/en\/wp-json\/wp\/v2\/pages"}],"about":[{"href":"https:\/\/www.qda-solutions.com\/en\/wp-json\/wp\/v2\/types\/page"}],"author":[{"embeddable":true,"href":"https:\/\/www.qda-solutions.com\/en\/wp-json\/wp\/v2\/users\/12"}],"replies":[{"embeddable":true,"href":"https:\/\/www.qda-solutions.com\/en\/wp-json\/wp\/v2\/comments?post=2381"}],"version-history":[{"count":12,"href":"https:\/\/www.qda-solutions.com\/en\/wp-json\/wp\/v2\/pages\/2381\/revisions"}],"predecessor-version":[{"id":2693,"href":"https:\/\/www.qda-solutions.com\/en\/wp-json\/wp\/v2\/pages\/2381\/revisions\/2693"}],"wp:attachment":[{"href":"https:\/\/www.qda-solutions.com\/en\/wp-json\/wp\/v2\/media?parent=2381"}],"curies":[{"name":"wp","href":"https:\/\/api.w.org\/{rel}","templated":true}]}}